{"id":24397,"date":"2025-04-29T15:55:11","date_gmt":"2025-04-29T12:55:11","guid":{"rendered":"https:\/\/www.meiren.ee\/lumistoppari\/"},"modified":"2025-04-30T08:46:47","modified_gmt":"2025-04-30T05:46:47","slug":"hydrauliskt-snostopp","status":"publish","type":"page","link":"https:\/\/www.meiren.ee\/sv\/hydrauliskt-snostopp\/","title":{"rendered":"HYDRAULISK SN\u00d6STOPP"},"content":{"rendered":"<div class=\"article-section common-page_intro no-mh\">\n<h2><span class=\"HwtZe\" lang=\"sv\"><span class=\"jCAhz ChMk0b\"><span class=\"ryNqvb\">HYDRAULISK SN\u00d6STOPP<\/span><\/span><\/span><\/h2>\n<p>Hydrauliskt sn\u00f6stopp finns tillg\u00e4ngligt f\u00f6r f\u00f6ljande Meiren sn\u00f6plogar: <a href=\"https:\/\/www.meiren.ee\/fi\/lumiaurat\/lumiaura-mspn-n-sarja-sivusiirrolla\/\">MSPN3104; MSPN3404, MSPN3704; MSPN4004; MSPN4604<\/a><\/p>\n<p>Det hydrauliskt man\u00f6vrerad sn\u00f6skyddet med mekanisk flytfunktion, monterat p\u00e5 h\u00f6ger sida, \u00e4r utformat f\u00f6r att f\u00f6rhindra att sn\u00f6 trycks ner p\u00e5 korsande v\u00e4gar under plogning av motorv\u00e4gar.<\/p>\n<p><img fetchpriority=\"high\" decoding=\"async\" class=\"aligncenter size-large wp-image-23529\" src=\"https:\/\/www.meiren.ee\/wp-content\/uploads\/2024\/04\/MSPN-Lumestop-1-890x501.jpg\" alt=\"\" width=\"890\" height=\"501\" \/><\/p>\n<div style=\"width: 1280px;\" class=\"wp-video\"><!--[if lt IE 9]><script>document.createElement('video');<\/script><![endif]-->\n<video class=\"wp-video-shortcode\" id=\"video-24397-1\" width=\"1280\" height=\"720\" preload=\"metadata\" controls=\"controls\"><source type=\"video\/mp4\" src=\"https:\/\/www.meiren.ee\/wp-content\/uploads\/2025\/04\/7aa76aff7b64449ea07931c9238ea3b5-Trim.mp4?_=1\" \/><a href=\"https:\/\/www.meiren.ee\/wp-content\/uploads\/2025\/04\/7aa76aff7b64449ea07931c9238ea3b5-Trim.mp4\">https:\/\/www.meiren.ee\/wp-content\/uploads\/2025\/04\/7aa76aff7b64449ea07931c9238ea3b5-Trim.mp4<\/a><\/video><\/div>\n<p>&nbsp;<\/p>\n<p>&nbsp;<\/p>\n<\/div>\n","protected":false},"excerpt":{"rendered":"<p>HYDRAULISK SN\u00d6STOPP Hydrauliskt sn\u00f6stopp finns tillg\u00e4ngligt f\u00f6r f\u00f6ljande Meiren sn\u00f6plogar: MSPN3104; MSPN3404, MSPN3704; MSPN4004; MSPN4604 Det hydrauliskt man\u00f6vrerad sn\u00f6skyddet med mekanisk flytfunktion, monterat p\u00e5 h\u00f6ger sida, \u00e4r utformat f\u00f6r att f\u00f6rhindra att sn\u00f6 trycks ner p\u00e5 korsande v\u00e4gar under plogning av motorv\u00e4gar. &nbsp; &nbsp;<\/p>\n","protected":false},"author":10,"featured_media":23519,"parent":0,"menu_order":0,"comment_status":"closed","ping_status":"closed","template":"","meta":{"footnotes":""},"class_list":["post-24397","page","type-page","status-publish","has-post-thumbnail","hentry"],"yoast_head":"<!-- This site is optimized with the Yoast SEO plugin v25.6 - https:\/\/yoast.com\/wordpress\/plugins\/seo\/ -->\n<title>HYDRAULISK SN\u00d6STOPP | Meiren lumesahad<\/title>\n<meta name=\"robots\" content=\"index, follow, max-snippet:-1, max-image-preview:large, max-video-preview:-1\" \/>\n<link rel=\"canonical\" href=\"https:\/\/www.meiren.ee\/sv\/hydrauliskt-snostopp\/\" \/>\n<meta property=\"og:locale\" content=\"sv_SE\" \/>\n<meta property=\"og:type\" content=\"article\" \/>\n<meta property=\"og:title\" content=\"HYDRAULISK SN\u00d6STOPP | Meiren lumesahad\" \/>\n<meta property=\"og:description\" content=\"HYDRAULISK SN\u00d6STOPP Hydrauliskt sn\u00f6stopp finns tillg\u00e4ngligt f\u00f6r f\u00f6ljande Meiren sn\u00f6plogar: MSPN3104; MSPN3404, MSPN3704; MSPN4004; MSPN4604 Det hydrauliskt man\u00f6vrerad sn\u00f6skyddet med mekanisk flytfunktion, monterat p\u00e5 h\u00f6ger sida, \u00e4r utformat f\u00f6r att f\u00f6rhindra att sn\u00f6 trycks ner p\u00e5 korsande v\u00e4gar under plogning av motorv\u00e4gar. &nbsp; &nbsp;\" \/>\n<meta property=\"og:url\" content=\"https:\/\/www.meiren.ee\/sv\/hydrauliskt-snostopp\/\" \/>\n<meta property=\"og:site_name\" content=\"Meiren lumesahad\" \/>\n<meta property=\"article:publisher\" content=\"https:\/\/www.facebook.com\/Meiren.ee?ref=nf\" \/>\n<meta property=\"article:modified_time\" content=\"2025-04-30T05:46:47+00:00\" \/>\n<meta property=\"og:image\" content=\"https:\/\/www.meiren.ee\/wp-content\/uploads\/2024\/04\/MSPN-Lumestop-890x501.jpg\" \/>\n\t<meta property=\"og:image:width\" content=\"890\" \/>\n\t<meta property=\"og:image:height\" content=\"501\" \/>\n\t<meta property=\"og:image:type\" content=\"image\/jpeg\" \/>\n<meta name=\"twitter:card\" content=\"summary_large_image\" \/>\n<meta name=\"twitter:label1\" content=\"Ber\u00e4knad l\u00e4stid\" \/>\n\t<meta name=\"twitter:data1\" content=\"1 minut\" \/>\n<script type=\"application\/ld+json\" class=\"yoast-schema-graph\">{\"@context\":\"https:\/\/schema.org\",\"@graph\":[{\"@type\":\"WebPage\",\"@id\":\"https:\/\/www.meiren.ee\/sv\/hydrauliskt-snostopp\/\",\"url\":\"https:\/\/www.meiren.ee\/sv\/hydrauliskt-snostopp\/\",\"name\":\"HYDRAULISK SN\u00d6STOPP | Meiren lumesahad\",\"isPartOf\":{\"@id\":\"https:\/\/www.meiren.ee\/en\/#website\"},\"primaryImageOfPage\":{\"@id\":\"https:\/\/www.meiren.ee\/sv\/hydrauliskt-snostopp\/#primaryimage\"},\"image\":{\"@id\":\"https:\/\/www.meiren.ee\/sv\/hydrauliskt-snostopp\/#primaryimage\"},\"thumbnailUrl\":\"https:\/\/www.meiren.ee\/wp-content\/uploads\/2024\/04\/MSPN-Lumestop.jpg\",\"datePublished\":\"2025-04-29T12:55:11+00:00\",\"dateModified\":\"2025-04-30T05:46:47+00:00\",\"breadcrumb\":{\"@id\":\"https:\/\/www.meiren.ee\/sv\/hydrauliskt-snostopp\/#breadcrumb\"},\"inLanguage\":\"sv-SE\",\"potentialAction\":[{\"@type\":\"ReadAction\",\"target\":[\"https:\/\/www.meiren.ee\/sv\/hydrauliskt-snostopp\/\"]}]},{\"@type\":\"ImageObject\",\"inLanguage\":\"sv-SE\",\"@id\":\"https:\/\/www.meiren.ee\/sv\/hydrauliskt-snostopp\/#primaryimage\",\"url\":\"https:\/\/www.meiren.ee\/wp-content\/uploads\/2024\/04\/MSPN-Lumestop.jpg\",\"contentUrl\":\"https:\/\/www.meiren.ee\/wp-content\/uploads\/2024\/04\/MSPN-Lumestop.jpg\",\"width\":2560,\"height\":1440},{\"@type\":\"BreadcrumbList\",\"@id\":\"https:\/\/www.meiren.ee\/sv\/hydrauliskt-snostopp\/#breadcrumb\",\"itemListElement\":[{\"@type\":\"ListItem\",\"position\":1,\"name\":\"Home\",\"item\":\"https:\/\/www.meiren.ee\/en\/\"},{\"@type\":\"ListItem\",\"position\":2,\"name\":\"HYDRAULISK SN\u00d6STOPP\"}]},{\"@type\":\"WebSite\",\"@id\":\"https:\/\/www.meiren.ee\/en\/#website\",\"url\":\"https:\/\/www.meiren.ee\/en\/\",\"name\":\"Meiren lumesahad\",\"description\":\"Lumesahk ja lumet\u00f5rje tehnika, maantee lumesahk, lumesahk traktorile, lumesahk maasturile, harjad, lumekopp, varuosad ja hooldus, lumesaha terad, Kobit s.r.o. soolapuisturid\",\"potentialAction\":[{\"@type\":\"SearchAction\",\"target\":{\"@type\":\"EntryPoint\",\"urlTemplate\":\"https:\/\/www.meiren.ee\/en\/?s={search_term_string}\"},\"query-input\":{\"@type\":\"PropertyValueSpecification\",\"valueRequired\":true,\"valueName\":\"search_term_string\"}}],\"inLanguage\":\"sv-SE\"}]}<\/script>\n<!-- \/ Yoast SEO plugin. -->","yoast_head_json":{"title":"HYDRAULISK SN\u00d6STOPP | Meiren lumesahad","robots":{"index":"index","follow":"follow","max-snippet":"max-snippet:-1","max-image-preview":"max-image-preview:large","max-video-preview":"max-video-preview:-1"},"canonical":"https:\/\/www.meiren.ee\/sv\/hydrauliskt-snostopp\/","og_locale":"sv_SE","og_type":"article","og_title":"HYDRAULISK SN\u00d6STOPP | Meiren lumesahad","og_description":"HYDRAULISK SN\u00d6STOPP Hydrauliskt sn\u00f6stopp finns tillg\u00e4ngligt f\u00f6r f\u00f6ljande Meiren sn\u00f6plogar: MSPN3104; MSPN3404, MSPN3704; MSPN4004; MSPN4604 Det hydrauliskt man\u00f6vrerad sn\u00f6skyddet med mekanisk flytfunktion, monterat p\u00e5 h\u00f6ger sida, \u00e4r utformat f\u00f6r att f\u00f6rhindra att sn\u00f6 trycks ner p\u00e5 korsande v\u00e4gar under plogning av motorv\u00e4gar. &nbsp; &nbsp;","og_url":"https:\/\/www.meiren.ee\/sv\/hydrauliskt-snostopp\/","og_site_name":"Meiren lumesahad","article_publisher":"https:\/\/www.facebook.com\/Meiren.ee?ref=nf","article_modified_time":"2025-04-30T05:46:47+00:00","og_image":[{"width":890,"height":501,"url":"https:\/\/www.meiren.ee\/wp-content\/uploads\/2024\/04\/MSPN-Lumestop-890x501.jpg","type":"image\/jpeg"}],"twitter_card":"summary_large_image","twitter_misc":{"Ber\u00e4knad l\u00e4stid":"1 minut"},"schema":{"@context":"https:\/\/schema.org","@graph":[{"@type":"WebPage","@id":"https:\/\/www.meiren.ee\/sv\/hydrauliskt-snostopp\/","url":"https:\/\/www.meiren.ee\/sv\/hydrauliskt-snostopp\/","name":"HYDRAULISK SN\u00d6STOPP | Meiren lumesahad","isPartOf":{"@id":"https:\/\/www.meiren.ee\/en\/#website"},"primaryImageOfPage":{"@id":"https:\/\/www.meiren.ee\/sv\/hydrauliskt-snostopp\/#primaryimage"},"image":{"@id":"https:\/\/www.meiren.ee\/sv\/hydrauliskt-snostopp\/#primaryimage"},"thumbnailUrl":"https:\/\/www.meiren.ee\/wp-content\/uploads\/2024\/04\/MSPN-Lumestop.jpg","datePublished":"2025-04-29T12:55:11+00:00","dateModified":"2025-04-30T05:46:47+00:00","breadcrumb":{"@id":"https:\/\/www.meiren.ee\/sv\/hydrauliskt-snostopp\/#breadcrumb"},"inLanguage":"sv-SE","potentialAction":[{"@type":"ReadAction","target":["https:\/\/www.meiren.ee\/sv\/hydrauliskt-snostopp\/"]}]},{"@type":"ImageObject","inLanguage":"sv-SE","@id":"https:\/\/www.meiren.ee\/sv\/hydrauliskt-snostopp\/#primaryimage","url":"https:\/\/www.meiren.ee\/wp-content\/uploads\/2024\/04\/MSPN-Lumestop.jpg","contentUrl":"https:\/\/www.meiren.ee\/wp-content\/uploads\/2024\/04\/MSPN-Lumestop.jpg","width":2560,"height":1440},{"@type":"BreadcrumbList","@id":"https:\/\/www.meiren.ee\/sv\/hydrauliskt-snostopp\/#breadcrumb","itemListElement":[{"@type":"ListItem","position":1,"name":"Home","item":"https:\/\/www.meiren.ee\/en\/"},{"@type":"ListItem","position":2,"name":"HYDRAULISK SN\u00d6STOPP"}]},{"@type":"WebSite","@id":"https:\/\/www.meiren.ee\/en\/#website","url":"https:\/\/www.meiren.ee\/en\/","name":"Meiren lumesahad","description":"Lumesahk ja lumet\u00f5rje tehnika, maantee lumesahk, lumesahk traktorile, lumesahk maasturile, harjad, lumekopp, varuosad ja hooldus, lumesaha terad, Kobit s.r.o. soolapuisturid","potentialAction":[{"@type":"SearchAction","target":{"@type":"EntryPoint","urlTemplate":"https:\/\/www.meiren.ee\/en\/?s={search_term_string}"},"query-input":{"@type":"PropertyValueSpecification","valueRequired":true,"valueName":"search_term_string"}}],"inLanguage":"sv-SE"}]}},"_links":{"self":[{"href":"https:\/\/www.meiren.ee\/sv\/wp-json\/wp\/v2\/pages\/24397"}],"collection":[{"href":"https:\/\/www.meiren.ee\/sv\/wp-json\/wp\/v2\/pages"}],"about":[{"href":"https:\/\/www.meiren.ee\/sv\/wp-json\/wp\/v2\/types\/page"}],"author":[{"embeddable":true,"href":"https:\/\/www.meiren.ee\/sv\/wp-json\/wp\/v2\/users\/10"}],"replies":[{"embeddable":true,"href":"https:\/\/www.meiren.ee\/sv\/wp-json\/wp\/v2\/comments?post=24397"}],"version-history":[{"count":2,"href":"https:\/\/www.meiren.ee\/sv\/wp-json\/wp\/v2\/pages\/24397\/revisions"}],"predecessor-version":[{"id":24399,"href":"https:\/\/www.meiren.ee\/sv\/wp-json\/wp\/v2\/pages\/24397\/revisions\/24399"}],"wp:featuredmedia":[{"embeddable":true,"href":"https:\/\/www.meiren.ee\/sv\/wp-json\/wp\/v2\/media\/23519"}],"wp:attachment":[{"href":"https:\/\/www.meiren.ee\/sv\/wp-json\/wp\/v2\/media?parent=24397"}],"curies":[{"name":"wp","href":"https:\/\/api.w.org\/{rel}","templated":true}]}}