{"id":412,"date":"2014-04-24T16:55:07","date_gmt":"2014-04-24T13:55:07","guid":{"rendered":"https:\/\/meiren.ee\/?page_id=412"},"modified":"2019-04-08T12:02:36","modified_gmt":"2019-04-08T09:02:36","slug":"professionella-snoplogar","status":"publish","type":"page","link":"https:\/\/www.meiren.ee\/sv\/professionella-snoplogar\/","title":{"rendered":"Professionella sn\u00f6plogar"},"content":{"rendered":"<p style=\"text-align: justify;\">Oavsett om du beh\u00f6ver ta itu med vintermorgonens frostiga trottoarer, vinterv\u00e4gar i stormiga fj\u00e4llen eller ett ist\u00e4ckt f\u00e4lt i flygplatsstorlek \u2013 vi har <a href=\"https:\/\/meiren.ee\/sv\/snoplogar\/\" target=\"_blank\"><span style=\"text-decoration: underline;\"><strong>professionella sn\u00f6plogar<\/strong><\/span><\/a> som \u00f6ppnar alla v\u00e4gar f\u00f6r dig och f\u00f6r dina kunder.<\/p>\n","protected":false},"excerpt":{"rendered":"<p>Oavsett om du beh\u00f6ver ta itu med vintermorgonens frostiga trottoarer, vinterv\u00e4gar i stormiga fj\u00e4llen eller ett ist\u00e4ckt f\u00e4lt i flygplatsstorlek \u2013 vi har professionella sn\u00f6plogar som \u00f6ppnar alla v\u00e4gar f\u00f6r dig och f\u00f6r dina kunder.<\/p>\n","protected":false},"author":2,"featured_media":0,"parent":0,"menu_order":0,"comment_status":"closed","ping_status":"open","template":"","meta":{"footnotes":""},"class_list":["post-412","page","type-page","status-publish","hentry"],"yoast_head":"<!-- This site is optimized with the Yoast SEO plugin v25.6 - https:\/\/yoast.com\/wordpress\/plugins\/seo\/ -->\n<title>Professionella sn\u00f6plogar | Meiren lumesahad<\/title>\n<meta name=\"description\" content=\"Meiren Engineering O\u00dc ger professionella sn\u00f6plogar med innovativa l\u00f6sningar f\u00f6r att h\u00e5lla v\u00e4garna fria fr\u00e5n sn\u00f6. Service och reservdelar.\" \/>\n<meta name=\"robots\" content=\"index, follow, max-snippet:-1, max-image-preview:large, max-video-preview:-1\" \/>\n<link rel=\"canonical\" href=\"https:\/\/www.meiren.ee\/professionaalsed-lumesahad\/\" \/>\n<meta property=\"og:locale\" content=\"sv_SE\" \/>\n<meta property=\"og:type\" content=\"article\" \/>\n<meta property=\"og:title\" content=\"Professionella sn\u00f6plogar | Meiren lumesahad\" \/>\n<meta property=\"og:description\" content=\"Meiren Engineering O\u00dc ger professionella sn\u00f6plogar med innovativa l\u00f6sningar f\u00f6r att h\u00e5lla v\u00e4garna fria fr\u00e5n sn\u00f6. Service och reservdelar.\" \/>\n<meta property=\"og:url\" content=\"https:\/\/www.meiren.ee\/professionaalsed-lumesahad\/\" \/>\n<meta property=\"og:site_name\" content=\"Meiren lumesahad\" \/>\n<meta property=\"article:publisher\" content=\"https:\/\/www.facebook.com\/Meiren.ee?ref=nf\" \/>\n<meta property=\"article:modified_time\" content=\"2019-04-08T09:02:36+00:00\" \/>\n<meta name=\"twitter:card\" content=\"summary_large_image\" \/>\n<script type=\"application\/ld+json\" class=\"yoast-schema-graph\">{\"@context\":\"https:\/\/schema.org\",\"@graph\":[{\"@type\":\"WebPage\",\"@id\":\"https:\/\/www.meiren.ee\/professionaalsed-lumesahad\/\",\"url\":\"https:\/\/www.meiren.ee\/professionaalsed-lumesahad\/\",\"name\":\"Professionella sn\u00f6plogar | Meiren lumesahad\",\"isPartOf\":{\"@id\":\"https:\/\/www.meiren.ee\/en\/#website\"},\"datePublished\":\"2014-04-24T13:55:07+00:00\",\"dateModified\":\"2019-04-08T09:02:36+00:00\",\"description\":\"Meiren Engineering O\u00dc ger professionella sn\u00f6plogar med innovativa l\u00f6sningar f\u00f6r att h\u00e5lla v\u00e4garna fria fr\u00e5n sn\u00f6. Service och reservdelar.\",\"breadcrumb\":{\"@id\":\"https:\/\/www.meiren.ee\/professionaalsed-lumesahad\/#breadcrumb\"},\"inLanguage\":\"sv-SE\",\"potentialAction\":[{\"@type\":\"ReadAction\",\"target\":[\"https:\/\/www.meiren.ee\/professionaalsed-lumesahad\/\"]}]},{\"@type\":\"BreadcrumbList\",\"@id\":\"https:\/\/www.meiren.ee\/professionaalsed-lumesahad\/#breadcrumb\",\"itemListElement\":[{\"@type\":\"ListItem\",\"position\":1,\"name\":\"Home\",\"item\":\"https:\/\/www.meiren.ee\/en\/\"},{\"@type\":\"ListItem\",\"position\":2,\"name\":\"Professionella sn\u00f6plogar\"}]},{\"@type\":\"WebSite\",\"@id\":\"https:\/\/www.meiren.ee\/en\/#website\",\"url\":\"https:\/\/www.meiren.ee\/en\/\",\"name\":\"Meiren lumesahad\",\"description\":\"Lumesahk ja lumet\u00f5rje tehnika, maantee lumesahk, lumesahk traktorile, lumesahk maasturile, harjad, lumekopp, varuosad ja hooldus, lumesaha terad, Kobit s.r.o. soolapuisturid\",\"potentialAction\":[{\"@type\":\"SearchAction\",\"target\":{\"@type\":\"EntryPoint\",\"urlTemplate\":\"https:\/\/www.meiren.ee\/en\/?s={search_term_string}\"},\"query-input\":{\"@type\":\"PropertyValueSpecification\",\"valueRequired\":true,\"valueName\":\"search_term_string\"}}],\"inLanguage\":\"sv-SE\"}]}<\/script>\n<!-- \/ Yoast SEO plugin. -->","yoast_head_json":{"title":"Professionella sn\u00f6plogar | Meiren lumesahad","description":"Meiren Engineering O\u00dc ger professionella sn\u00f6plogar med innovativa l\u00f6sningar f\u00f6r att h\u00e5lla v\u00e4garna fria fr\u00e5n sn\u00f6. Service och reservdelar.","robots":{"index":"index","follow":"follow","max-snippet":"max-snippet:-1","max-image-preview":"max-image-preview:large","max-video-preview":"max-video-preview:-1"},"canonical":"https:\/\/www.meiren.ee\/professionaalsed-lumesahad\/","og_locale":"sv_SE","og_type":"article","og_title":"Professionella sn\u00f6plogar | Meiren lumesahad","og_description":"Meiren Engineering O\u00dc ger professionella sn\u00f6plogar med innovativa l\u00f6sningar f\u00f6r att h\u00e5lla v\u00e4garna fria fr\u00e5n sn\u00f6. Service och reservdelar.","og_url":"https:\/\/www.meiren.ee\/professionaalsed-lumesahad\/","og_site_name":"Meiren lumesahad","article_publisher":"https:\/\/www.facebook.com\/Meiren.ee?ref=nf","article_modified_time":"2019-04-08T09:02:36+00:00","twitter_card":"summary_large_image","schema":{"@context":"https:\/\/schema.org","@graph":[{"@type":"WebPage","@id":"https:\/\/www.meiren.ee\/professionaalsed-lumesahad\/","url":"https:\/\/www.meiren.ee\/professionaalsed-lumesahad\/","name":"Professionella sn\u00f6plogar | Meiren lumesahad","isPartOf":{"@id":"https:\/\/www.meiren.ee\/en\/#website"},"datePublished":"2014-04-24T13:55:07+00:00","dateModified":"2019-04-08T09:02:36+00:00","description":"Meiren Engineering O\u00dc ger professionella sn\u00f6plogar med innovativa l\u00f6sningar f\u00f6r att h\u00e5lla v\u00e4garna fria fr\u00e5n sn\u00f6. Service och reservdelar.","breadcrumb":{"@id":"https:\/\/www.meiren.ee\/professionaalsed-lumesahad\/#breadcrumb"},"inLanguage":"sv-SE","potentialAction":[{"@type":"ReadAction","target":["https:\/\/www.meiren.ee\/professionaalsed-lumesahad\/"]}]},{"@type":"BreadcrumbList","@id":"https:\/\/www.meiren.ee\/professionaalsed-lumesahad\/#breadcrumb","itemListElement":[{"@type":"ListItem","position":1,"name":"Home","item":"https:\/\/www.meiren.ee\/en\/"},{"@type":"ListItem","position":2,"name":"Professionella sn\u00f6plogar"}]},{"@type":"WebSite","@id":"https:\/\/www.meiren.ee\/en\/#website","url":"https:\/\/www.meiren.ee\/en\/","name":"Meiren lumesahad","description":"Lumesahk ja lumet\u00f5rje tehnika, maantee lumesahk, lumesahk traktorile, lumesahk maasturile, harjad, lumekopp, varuosad ja hooldus, lumesaha terad, Kobit s.r.o. soolapuisturid","potentialAction":[{"@type":"SearchAction","target":{"@type":"EntryPoint","urlTemplate":"https:\/\/www.meiren.ee\/en\/?s={search_term_string}"},"query-input":{"@type":"PropertyValueSpecification","valueRequired":true,"valueName":"search_term_string"}}],"inLanguage":"sv-SE"}]}},"_links":{"self":[{"href":"https:\/\/www.meiren.ee\/sv\/wp-json\/wp\/v2\/pages\/412"}],"collection":[{"href":"https:\/\/www.meiren.ee\/sv\/wp-json\/wp\/v2\/pages"}],"about":[{"href":"https:\/\/www.meiren.ee\/sv\/wp-json\/wp\/v2\/types\/page"}],"author":[{"embeddable":true,"href":"https:\/\/www.meiren.ee\/sv\/wp-json\/wp\/v2\/users\/2"}],"replies":[{"embeddable":true,"href":"https:\/\/www.meiren.ee\/sv\/wp-json\/wp\/v2\/comments?post=412"}],"version-history":[{"count":7,"href":"https:\/\/www.meiren.ee\/sv\/wp-json\/wp\/v2\/pages\/412\/revisions"}],"predecessor-version":[{"id":15655,"href":"https:\/\/www.meiren.ee\/sv\/wp-json\/wp\/v2\/pages\/412\/revisions\/15655"}],"wp:attachment":[{"href":"https:\/\/www.meiren.ee\/sv\/wp-json\/wp\/v2\/media?parent=412"}],"curies":[{"name":"wp","href":"https:\/\/api.w.org\/{rel}","templated":true}]}}