{"id":9166,"date":"2015-02-02T15:39:46","date_gmt":"2015-02-02T13:39:46","guid":{"rendered":"https:\/\/meiren.ee\/?page_id=9166"},"modified":"2022-11-21T16:15:30","modified_gmt":"2022-11-21T14:15:30","slug":"skar-och-tillbehor","status":"publish","type":"page","link":"https:\/\/www.meiren.ee\/sv\/skar-och-tillbehor\/","title":{"rendered":"Sk\u00e4r och tillbeh\u00f6r"},"content":{"rendered":"<p>Vi har i valet st\u00e5l- och gummi sk\u00e4r i olika storlekar och monteringstillbeh\u00f6r.<\/p>\n<h2>Gummisk\u00e4r med tandning<\/h2>\n<p><img decoding=\"async\" class=\"alignnone size-medium wp-image-9111\" src=\"https:\/\/meiren.ee\/wp-content\/uploads\/2015\/01\/Hardox-kummitera-300x116.jpg\" alt=\"Hardox gummiblad\" width=\"300\" height=\"116\" srcset=\"https:\/\/www.meiren.ee\/wp-content\/uploads\/2015\/01\/Hardox-kummitera-300x116.jpg 300w, https:\/\/www.meiren.ee\/wp-content\/uploads\/2015\/01\/Hardox-kummitera-890x343.jpg 890w\" sizes=\"(max-width: 300px) 100vw, 300px\" \/><\/p>\n<p align=\"justify\">Gummisk\u00e4r med tandning \u00e4r mycket h\u00e5llbara gummisk\u00e4r <strong>med speciell metallf\u00f6rst\u00e4rkning<\/strong> som klarar sv\u00e5ra f\u00f6rh\u00e5llanden b\u00e4ttre \u00e4n vanliga gummisk\u00e4r och <strong>se betydligt l\u00e4ngre livsl\u00e4ngd tack vare slit metall<\/strong>. Gummisk\u00e4r med tandning \u00e4r l\u00e4mplig att anv\u00e4nda i st\u00e4llet f\u00f6r gummisk\u00e4r <strong>med alla sn\u00f6plogar<\/strong>. Gummisk\u00e4r med tandning inneh\u00e5ller st\u00e5lbladsegment omgivna av gummi. Gummisk\u00e4r med tandning kan anv\u00e4ndas p\u00e5 b\u00e5da sidor upp till det r\u00f6da omr\u00e5det markerat p\u00e5 sk\u00e4r. Om den ena sidan av sk\u00e4r \u00e4r utslitet upp till det r\u00f6da omr\u00e5det, v\u00e4nda sk\u00e4r \u00f6ver och anv\u00e4nda den andra sidan tills den n\u00e5r det r\u00f6da omr\u00e5det. F\u00f6r att undvika skador p\u00e5 sk\u00e4r f\u00e5r inte anv\u00e4ndas f\u00f6r mer \u00e4n den r\u00f6da linjen, det ska anv\u00e4nda up till 70 mm p\u00e5 b\u00e5da sidor.<\/p>\n<p>RBH50.MS34 Gummisk\u00e4r med tandning set (6&#215;510)<br \/>\nRBH50.MS3704 Gummisk\u00e4r med tandning set (6&#215;560)<br \/>\nRBH50.MS37 Gummisk\u00e4r med tandning set (3&#215;820, 1&#215;920)<br \/>\nRBH50.MS40 Gummisk\u00e4r med tandning set (3&#215;900, 1&#215;1000)<br \/>\nRBH50.MS4004 Gummisk\u00e4r med tandning set (6&#215;610)<br \/>\nRBH50.MS46 Gummisk\u00e4r med tandning set (4&#215;1080)<\/p>\n<h2>Polyuretansk\u00e4r<\/h2>\n<p><img fetchpriority=\"high\" decoding=\"async\" class=\"size-medium wp-image-18692 alignnone\" src=\"https:\/\/www.meiren.ee\/wp-content\/uploads\/2021\/02\/Polyurethane-blade-Meiren-55-X-260-X-610MM-300x209.jpg\" alt=\"\" width=\"300\" height=\"209\" srcset=\"https:\/\/www.meiren.ee\/wp-content\/uploads\/2021\/02\/Polyurethane-blade-Meiren-55-X-260-X-610MM-300x209.jpg 300w, https:\/\/www.meiren.ee\/wp-content\/uploads\/2021\/02\/Polyurethane-blade-Meiren-55-X-260-X-610MM-890x620.jpg 890w, https:\/\/www.meiren.ee\/wp-content\/uploads\/2021\/02\/Polyurethane-blade-Meiren-55-X-260-X-610MM-390x270.jpg 390w, https:\/\/www.meiren.ee\/wp-content\/uploads\/2021\/02\/Polyurethane-blade-Meiren-55-X-260-X-610MM-768x535.jpg 768w, https:\/\/www.meiren.ee\/wp-content\/uploads\/2021\/02\/Polyurethane-blade-Meiren-55-X-260-X-610MM-1536x1070.jpg 1536w, https:\/\/www.meiren.ee\/wp-content\/uploads\/2021\/02\/Polyurethane-blade-Meiren-55-X-260-X-610MM-2048x1427.jpg 2048w\" sizes=\"(max-width: 300px) 100vw, 300px\" \/><\/p>\n<p>Polyuretansk\u00e4r Meiren 55 x 260 x 610 mm<\/p>\n<h2>H\u00e5rdmetallsk\u00e4r<\/h2>\n<p><img decoding=\"async\" class=\"alignnone size-medium wp-image-9063\" src=\"https:\/\/meiren.ee\/wp-content\/uploads\/2015\/01\/kovasulamtera-300x107.jpg\" alt=\"H\u00e5rdmetallsk\u00e4r\" width=\"300\" height=\"107\" srcset=\"https:\/\/www.meiren.ee\/wp-content\/uploads\/2015\/01\/kovasulamtera-300x107.jpg 300w, https:\/\/www.meiren.ee\/wp-content\/uploads\/2015\/01\/kovasulamtera.jpg 709w\" sizes=\"(max-width: 300px) 100vw, 300px\" \/><br \/>\n400061 H\u00e5rdmetallsk\u00e4r, 20 \u00d7 130 \u00d7 915<br \/>\n400062 H\u00e5rdmetallsk\u00e4r, 20 \u00d7 130 \u00d7 1220<br \/>\n400063 H\u00e5rdmetallsk\u00e4r, 20 \u00d7 130 \u00d7 610<\/p>\n<h2>H\u00e5rdmetallsk\u00e4r med tandning<\/h2>\n<p><img loading=\"lazy\" decoding=\"async\" class=\"alignnone size-medium wp-image-9073\" src=\"https:\/\/meiren.ee\/wp-content\/uploads\/2015\/01\/kovashammas2-300x110.jpg\" alt=\"H\u00e5rdmetallsk\u00e4r med tandning\" width=\"300\" height=\"110\" srcset=\"https:\/\/www.meiren.ee\/wp-content\/uploads\/2015\/01\/kovashammas2-300x110.jpg 300w, https:\/\/www.meiren.ee\/wp-content\/uploads\/2015\/01\/kovashammas2-890x327.jpg 890w, https:\/\/www.meiren.ee\/wp-content\/uploads\/2015\/01\/kovashammas2.jpg 1714w\" sizes=\"(max-width: 300px) 100vw, 300px\" \/><br \/>\n400071 H\u00e5rdmetallsk\u00e4r med tandning, 20 \u00d7 130 \u00d7 915<br \/>\n400072 H\u00e5rdmetallsk\u00e4r med tandning, 20 \u00d7 130 \u00d7 1220<br \/>\n400076 H\u00e5rdmetallsk\u00e4r med tandning, 20 \u00d7 130 \u00d7 1525<\/p>\n<h2>Plansk\u00e4r<\/h2>\n<p><img loading=\"lazy\" decoding=\"async\" class=\"alignnone size-medium wp-image-9078\" src=\"https:\/\/meiren.ee\/wp-content\/uploads\/2015\/01\/tasatera-300x146.jpg\" alt=\"Plansk\u00e4r\" width=\"300\" height=\"146\" srcset=\"https:\/\/www.meiren.ee\/wp-content\/uploads\/2015\/01\/tasatera-300x146.jpg 300w, https:\/\/www.meiren.ee\/wp-content\/uploads\/2015\/01\/tasatera.jpg 709w\" sizes=\"(max-width: 300px) 100vw, 300px\" \/><br \/>\n639181 Plansk\u00e4r, 12 \u00d7 220 \u00d7 915<br \/>\n639150 Plansk\u00e4r, 12 \u00d7 220 \u00d7 1220<br \/>\n639161 Plansk\u00e4r, 12 \u00d7 220 \u00d7 1525<\/p>\n<h2>Sk\u00e4r med dubbelradig tandning<\/h2>\n<p><img loading=\"lazy\" decoding=\"async\" class=\"alignnone size-medium wp-image-9083\" src=\"https:\/\/meiren.ee\/wp-content\/uploads\/2015\/01\/Kaherealine-hammastera-300x163.jpg\" alt=\"Sk\u00e4r med dubbelradig tandning\" width=\"300\" height=\"163\" srcset=\"https:\/\/www.meiren.ee\/wp-content\/uploads\/2015\/01\/Kaherealine-hammastera-300x163.jpg 300w, https:\/\/www.meiren.ee\/wp-content\/uploads\/2015\/01\/Kaherealine-hammastera.jpg 709w\" sizes=\"(max-width: 300px) 100vw, 300px\" \/><br \/>\n660004 Sk\u00e4r med dubbelradig tandning, 12 \u00d7 220 \u00d7 692<br \/>\n660008 Sk\u00e4r med dubbelradig tandning, 12 \u00d7 220 \u00d7 845<br \/>\n660007 Sk\u00e4r med dubbelradig tandning, 12 \u00d7 220 \u00d7 915<br \/>\n660001 Sk\u00e4r med dubbelradig tandning, 12 \u00d7 220 \u00d7 1220<br \/>\n660003 Sk\u00e4r med dubbelradig tandning, 12 \u00d7 220 \u00d7 1525<\/p>\n<h2>Sk\u00e4r med dubbelradig tandning NT<\/h2>\n<p><img loading=\"lazy\" decoding=\"async\" class=\"alignnone size-medium wp-image-9088\" src=\"https:\/\/meiren.ee\/wp-content\/uploads\/2015\/01\/Kaherealine-hammasteraNT-300x146.jpg\" alt=\"Sk\u00e4r med dubbelradig tandning nt\" width=\"300\" height=\"146\" srcset=\"https:\/\/www.meiren.ee\/wp-content\/uploads\/2015\/01\/Kaherealine-hammasteraNT-300x146.jpg 300w, https:\/\/www.meiren.ee\/wp-content\/uploads\/2015\/01\/Kaherealine-hammasteraNT.jpg 709w\" sizes=\"(max-width: 300px) 100vw, 300px\" \/><br \/>\n660160 Sk\u00e4r med dubbelradig tandning, 12 \u00d7 220 \u00d7 792 NT<br \/>\n660013 Sk\u00e4r med dubbelradig tandning, 12 \u00d7 220 \u00d7 915 NT<br \/>\n660014 Sk\u00e4r med dubbelradig tandning, 12 \u00d7 220 \u00d7 1220 NT<\/p>\n<h2>Sk\u00e4r med tandning<\/h2>\n<p><img loading=\"lazy\" decoding=\"async\" class=\"alignnone size-medium wp-image-9093\" src=\"https:\/\/meiren.ee\/wp-content\/uploads\/2015\/01\/Hammastera-300x112.jpg\" alt=\"Sk\u00e4r med tandning\" width=\"300\" height=\"112\" srcset=\"https:\/\/www.meiren.ee\/wp-content\/uploads\/2015\/01\/Hammastera-300x112.jpg 300w, https:\/\/www.meiren.ee\/wp-content\/uploads\/2015\/01\/Hammastera.jpg 709w\" sizes=\"(max-width: 300px) 100vw, 300px\" \/><br \/>\n639340 Sk\u00e4r med tandning, 12 \u00d7 220 \u00d7 1220<br \/>\n639367 Sk\u00e4r med tandning, 12 \u00d7 220 \u00d7 1525<\/p>\n<h2>Monteringstillbeh\u00f6r<\/h2>\n<p><img loading=\"lazy\" decoding=\"async\" class=\"alignnone size-medium wp-image-9098\" src=\"https:\/\/meiren.ee\/wp-content\/uploads\/2015\/01\/kiilud-300x140.jpg\" alt=\"Kil\" width=\"300\" height=\"140\" srcset=\"https:\/\/www.meiren.ee\/wp-content\/uploads\/2015\/01\/kiilud-300x140.jpg 300w, https:\/\/www.meiren.ee\/wp-content\/uploads\/2015\/01\/kiilud.jpg 472w\" sizes=\"(max-width: 300px) 100vw, 300px\" \/><br \/>\n639625 Kil, 20,5<br \/>\n639635 Kil, 22,5<\/p>\n<h2>Monteringstillbeh\u00f6r<\/h2>\n<p><img loading=\"lazy\" decoding=\"async\" class=\"alignnone size-medium wp-image-9103\" src=\"https:\/\/meiren.ee\/wp-content\/uploads\/2015\/01\/poldid-300x294.jpg\" alt=\"Monteringstillbeh\u00f6r\" width=\"300\" height=\"294\" srcset=\"https:\/\/www.meiren.ee\/wp-content\/uploads\/2015\/01\/poldid-300x294.jpg 300w, https:\/\/www.meiren.ee\/wp-content\/uploads\/2015\/01\/poldid.jpg 472w\" sizes=\"(max-width: 300px) 100vw, 300px\" \/><br \/>\n310010 Fyrkantl\u00e5s bult, 16 \u00d7 37<br \/>\n310015 Fyrkantl\u00e5s bult, M16 \u00d7 65<br \/>\n310020 Fyrkantl\u00e5s bult, 16 \u00d7 55<br \/>\n310041 Bult, 1\u201d \u00d7 76<br \/>\n310042 Bult, 3\/4\u201d \u00d7 69<br \/>\n310043 Bult, 1\u201d \u00d7 69<br \/>\n310044 Bult, 1\u201d \u00d7 90<br \/>\n315010 Kilbult , 16 \u00d7 47<br \/>\n343011 Nylock-mutter M16<br \/>\n343013 Mutter, 1\u201d<br \/>\n313014 Mutter, 3\/4\u201d<\/p>\n<p><b>V\u00e4nligen fyll i formul\u00e4ret nedan:<\/b><\/p>\n<h2><noscript class=\"ninja-forms-noscript-message\">\n\tObservera: JavaScript kr\u00e4vs f\u00f6r detta inneh\u00e5ll.<\/noscript>\n<div id=\"nf-form-2-cont\" class=\"nf-form-cont\" aria-live=\"polite\" aria-labelledby=\"nf-form-title-2\" aria-describedby=\"nf-form-errors-2\" role=\"form\">\n\n    <div class=\"nf-loading-spinner\"><\/div>\n\n<\/div>\n        <!-- That data is being printed as a workaround to page builders reordering the order of the scripts loaded-->\n        <script>var formDisplay=1;var nfForms=nfForms||[];var form=[];form.id='2';form.settings={\"objectType\":\"Form Setting\",\"editActive\":true,\"title\":\"SWE - Terad\",\"show_title\":0,\"clear_complete\":1,\"hide_complete\":1,\"default_label_pos\":\"above\",\"wrapper_class\":\"\",\"element_class\":\"\",\"key\":\"\",\"add_submit\":0,\"currency\":\"\",\"logged_in\":false,\"not_logged_in_msg\":\"\",\"sub_limit_msg\":\"\",\"calculations\":[],\"formContentData\":[\"foeretagsnamn_1669036265390\",\"ditt_namn_1669036271863\",\"telefon\",\"e-post\",\"meddelande\",\"hidden_1\",\"skicka_foerfragan\"],\"allow_public_link\":0,\"embed_form\":\"\",\"repeatable_fieldsets\":\"\",\"unique_field_error\":\"A form with this value has already been submitted.\",\"ninjaForms\":\"Ninja Forms\",\"changeEmailErrorMsg\":\"Please enter a valid email address\",\"changeDateErrorMsg\":\"Ange ett giltigt datum!\",\"confirmFieldErrorMsg\":\"Dessa f\\u00e4lt m\\u00e5ste matcha!\",\"fieldNumberNumMinError\":\"Minnummer-fel\",\"fieldNumberNumMaxError\":\"Maxnummer-fel\",\"fieldNumberIncrementBy\":\"\\u00d6ka med \",\"fieldTextareaRTEInsertLink\":\"Infoga l\\u00e4nk\",\"fieldTextareaRTEInsertMedia\":\"Infoga media\",\"fieldTextareaRTESelectAFile\":\"V\\u00e4lj en fil\",\"formErrorsCorrectErrors\":\"There are errors on the form. Please fix them before continuing.\",\"formHoneypot\":\"Om du \\u00e4r en m\\u00e4nniska som ser detta f\\u00e4lt, l\\u00e4mna det tomt.\",\"validateRequiredField\":\"Obligatoriska f\\u00e4lt\",\"honeypotHoneypotError\":\"Honeypot-fel\",\"fileUploadOldCodeFileUploadInProgress\":\"Filuppladdning p\\u00e5g\\u00e5r.\",\"fileUploadOldCodeFileUpload\":\"FILUPPLADDNING\",\"currencySymbol\":\"&euro;\",\"fieldsMarkedRequired\":\"All fields marked with * are mandatory\",\"thousands_sep\":\"&nbsp;\",\"decimal_point\":\",\",\"siteLocale\":\"sv_SE\",\"dateFormat\":\"m\\\/d\\\/Y\",\"startOfWeek\":\"1\",\"of\":\"av\",\"previousMonth\":\"F\\u00f6reg\\u00e5ende m\\u00e5nad\",\"nextMonth\":\"N\\u00e4sta m\\u00e5nad\",\"months\":[\"Januari\",\"Februari\",\"Mars\",\"April\",\"Maj\",\"Juni\",\"Juli\",\"Augusti\",\"September\",\"Oktober\",\"November\",\"December\"],\"monthsShort\":[\"Jan\",\"Feb\",\"Mar\",\"Apr\",\"Maj\",\"Jun\",\"Jul\",\"Aug\",\"Sep\",\"Okt\",\"Nov\",\"Dec\"],\"weekdays\":[\"S\\u00f6ndag\",\"M\\u00e5ndag\",\"Tisdag\",\"Onsdag\",\"Torsdag\",\"Fredag\",\"L\\u00f6rdag\"],\"weekdaysShort\":[\"S\\u00f6n\",\"M\\u00e5n\",\"Tis\",\"Ons\",\"Tor\",\"Fre\",\"L\\u00f6r\"],\"weekdaysMin\":[\"S\\u00f6\",\"M\\u00e5\",\"Ti\",\"On\",\"To\",\"Fr\",\"L\\u00f6\"],\"recaptchaConsentMissing\":\"reCaptcha validation couldn&#039;t load.\",\"recaptchaMissingCookie\":\"reCaptcha v3 validation couldn&#039;t load the cookie needed to submit the form.\",\"recaptchaConsentEvent\":\"Accept reCaptcha cookies before sending the form.\",\"currency_symbol\":\"\",\"beforeForm\":\"\",\"beforeFields\":\"\",\"afterFields\":\"\",\"afterForm\":\"\"};form.fields=[{\"objectType\":\"Field\",\"objectDomain\":\"fields\",\"editActive\":false,\"order\":1,\"idAttribute\":\"id\",\"type\":\"firstname\",\"label\":\"F\\u00f6retagsnamn\",\"key\":\"foeretagsnamn_1669036265390\",\"label_pos\":\"above\",\"required\":1,\"default\":\"\",\"placeholder\":\"\",\"container_class\":\"\",\"element_class\":\"form-control\",\"admin_label\":\"\",\"help_text\":\"\",\"desc_text\":\"\",\"custom_name_attribute\":\"fname\",\"personally_identifiable\":1,\"value\":\"\",\"drawerDisabled\":false,\"id\":97,\"beforeField\":\"\",\"afterField\":\"\",\"parentType\":\"firstname\",\"element_templates\":[\"firstname\",\"input\"],\"old_classname\":\"\",\"wrap_template\":\"wrap\"},{\"objectType\":\"Field\",\"objectDomain\":\"fields\",\"editActive\":false,\"order\":2,\"idAttribute\":\"id\",\"label\":\"Ditt namn\",\"type\":\"textbox\",\"key\":\"ditt_namn_1669036271863\",\"label_pos\":\"above\",\"required\":1,\"default\":\"\",\"placeholder\":\"\",\"container_class\":\"\",\"element_class\":\"\",\"input_limit\":\"\",\"input_limit_type\":\"characters\",\"input_limit_msg\":\"Character(s) left\",\"manual_key\":false,\"admin_label\":\"\",\"help_text\":\"\",\"mask\":\"\",\"custom_mask\":\"\",\"custom_name_attribute\":\"\",\"personally_identifiable\":\"\",\"value\":\"\",\"drawerDisabled\":false,\"id\":368,\"beforeField\":\"\",\"afterField\":\"\",\"parentType\":\"textbox\",\"element_templates\":[\"textbox\",\"input\"],\"old_classname\":\"\",\"wrap_template\":\"wrap\"},{\"objectType\":\"Field\",\"objectDomain\":\"fields\",\"editActive\":false,\"order\":3,\"idAttribute\":\"id\",\"type\":\"textbox\",\"label\":\"Telefon\",\"key\":\"telefon\",\"label_pos\":\"above\",\"required\":1,\"placeholder\":\"\",\"default\":\"\",\"container_class\":\"\",\"element_class\":\"form-control\",\"input_limit\":\"\",\"input_limit_type\":\"characters\",\"input_limit_msg\":\"Character(s) left\",\"manual_key\":false,\"disable_input\":\"\",\"admin_label\":\"\",\"help_text\":\"\",\"desc_text\":\"\",\"disable_browser_autocomplete\":\"\",\"mask\":\"\",\"custom_mask\":\"\",\"custom_name_attribute\":\"\",\"personally_identifiable\":\"\",\"value\":\"\",\"id\":9,\"beforeField\":\"\",\"afterField\":\"\",\"parentType\":\"textbox\",\"element_templates\":[\"textbox\",\"input\"],\"old_classname\":\"\",\"wrap_template\":\"wrap\"},{\"objectType\":\"Field\",\"objectDomain\":\"fields\",\"editActive\":false,\"order\":4,\"idAttribute\":\"id\",\"label\":\"E-post\",\"type\":\"email\",\"key\":\"e-post\",\"label_pos\":\"above\",\"required\":1,\"default\":\"\",\"placeholder\":\"\",\"container_class\":\"\",\"element_class\":\"form-control\",\"admin_label\":\"\",\"help_text\":\"\",\"desc_text\":\"\",\"custom_name_attribute\":\"email\",\"personally_identifiable\":1,\"value\":\"\",\"id\":8,\"beforeField\":\"\",\"afterField\":\"\",\"parentType\":\"email\",\"element_templates\":[\"email\",\"input\"],\"old_classname\":\"\",\"wrap_template\":\"wrap\"},{\"objectType\":\"Field\",\"objectDomain\":\"fields\",\"editActive\":false,\"order\":5,\"idAttribute\":\"id\",\"type\":\"textarea\",\"label\":\"Meddelande\",\"key\":\"meddelande\",\"label_pos\":\"above\",\"required\":1,\"placeholder\":\"\",\"default\":\"Hej,\\n\\nJag \\u00e4r intresserad av sn\\u00f6plogens blad och tillbeh\\u00f6r.\\nArt.nr och antal:\\n\\nKan du kontakta mig? Tack!\",\"container_class\":\"\",\"element_class\":\"form-control\",\"input_limit\":\"\",\"input_limit_type\":\"characters\",\"input_limit_msg\":\"Character(s) left\",\"manual_key\":false,\"disable_input\":\"\",\"admin_label\":\"\",\"help_text\":\"\",\"desc_text\":\"<p><br><\\\/p>\",\"disable_browser_autocomplete\":\"\",\"textarea_rte\":\"\",\"disable_rte_mobile\":\"\",\"textarea_media\":\"\",\"value\":\"Hej,\\n\\nJag \\u00e4r intresserad av sn\\u00f6plogens blad och tillbeh\\u00f6r.\\nArt.nr och antal:\\n\\nKan du kontakta mig? Tack!\",\"id\":10,\"beforeField\":\"\",\"afterField\":\"\",\"parentType\":\"textarea\",\"element_templates\":[\"textarea\",\"input\"],\"old_classname\":\"\",\"wrap_template\":\"wrap\"},{\"objectType\":\"Field\",\"objectDomain\":\"fields\",\"editActive\":false,\"order\":6,\"idAttribute\":\"id\",\"type\":\"hidden\",\"label\":\"Hidden\",\"key\":\"hidden_1\",\"default\":\"{post:title} - {post:url}\",\"admin_label\":\"\",\"created_at\":\"2016-12-12 10:53:34\",\"saved\":false,\"nicename\":\"Hidden\",\"drawerDisabled\":false,\"id\":118,\"beforeField\":\"\",\"afterField\":\"\",\"value\":\"Sk\\u00e4r och tillbeh\\u00f6r - https:\\\/\\\/www.meiren.ee\\\/sv\\\/skar-och-tillbehor\\\/\",\"label_pos\":\"above\",\"parentType\":\"hidden\",\"element_templates\":[\"hidden\",\"input\"],\"old_classname\":\"\",\"wrap_template\":\"wrap-no-label\"},{\"objectType\":\"Field\",\"objectDomain\":\"fields\",\"editActive\":false,\"order\":7,\"idAttribute\":\"id\",\"type\":\"submit\",\"label\":\"Skicka f\\u00f6rfr\\u00e5gan\",\"processing_label\":\"Processing...\",\"container_class\":\"pull-text-center\",\"element_class\":\"\",\"key\":\"skicka_foerfragan\",\"id\":12,\"beforeField\":\"\",\"afterField\":\"\",\"value\":\"\",\"label_pos\":\"above\",\"parentType\":\"textbox\",\"element_templates\":[\"submit\",\"button\",\"input\"],\"old_classname\":\"\",\"wrap_template\":\"wrap-no-label\"}];nfForms.push(form);<\/script>\n        <\/h2>\n","protected":false},"excerpt":{"rendered":"<p>Vi har i valet st\u00e5l- och gummi sk\u00e4r i olika storlekar och monteringstillbeh\u00f6r. Gummisk\u00e4r med tandning Gummisk\u00e4r med tandning \u00e4r mycket h\u00e5llbara gummisk\u00e4r med speciell metallf\u00f6rst\u00e4rkning som klarar sv\u00e5ra f\u00f6rh\u00e5llanden b\u00e4ttre \u00e4n vanliga gummisk\u00e4r och se betydligt l\u00e4ngre livsl\u00e4ngd tack vare slit metall. Gummisk\u00e4r med tandning \u00e4r l\u00e4mplig att anv\u00e4nda i st\u00e4llet f\u00f6r gummisk\u00e4r med [&hellip;]<\/p>\n","protected":false},"author":2,"featured_media":0,"parent":0,"menu_order":0,"comment_status":"closed","ping_status":"open","template":"page-special_page.php","meta":{"footnotes":""},"class_list":["post-9166","page","type-page","status-publish","hentry"],"yoast_head":"<!-- This site is optimized with the Yoast SEO plugin v25.6 - https:\/\/yoast.com\/wordpress\/plugins\/seo\/ -->\n<title>Sk\u00e4r och tillbeh\u00f6r | Meiren lumesahad<\/title>\n<meta name=\"description\" content=\"Sk\u00e4r och tillbeh\u00f6r till din sn\u00f6plog eller hyvelblad: gummisk\u00e4r med tandning, h\u00e5rdmetallsk\u00e4r, plansk\u00e4r, sk\u00e4r med dubbelradig tandning.\" \/>\n<meta name=\"robots\" content=\"index, follow, max-snippet:-1, max-image-preview:large, max-video-preview:-1\" \/>\n<link rel=\"canonical\" href=\"https:\/\/www.meiren.ee\/sv\/skar-och-tillbehor\/\" \/>\n<meta property=\"og:locale\" content=\"sv_SE\" \/>\n<meta property=\"og:type\" content=\"article\" \/>\n<meta property=\"og:title\" content=\"Sk\u00e4r och tillbeh\u00f6r | Meiren lumesahad\" \/>\n<meta property=\"og:description\" content=\"Sk\u00e4r och tillbeh\u00f6r till din sn\u00f6plog eller hyvelblad: gummisk\u00e4r med tandning, h\u00e5rdmetallsk\u00e4r, plansk\u00e4r, sk\u00e4r med dubbelradig tandning.\" \/>\n<meta property=\"og:url\" content=\"https:\/\/www.meiren.ee\/sv\/skar-och-tillbehor\/\" \/>\n<meta property=\"og:site_name\" content=\"Meiren lumesahad\" \/>\n<meta property=\"article:publisher\" content=\"https:\/\/www.facebook.com\/Meiren.ee?ref=nf\" \/>\n<meta property=\"article:modified_time\" content=\"2022-11-21T14:15:30+00:00\" \/>\n<meta property=\"og:image\" content=\"https:\/\/meiren.ee\/wp-content\/uploads\/2015\/01\/Hardox-kummitera-300x116.jpg\" \/>\n<meta name=\"twitter:card\" content=\"summary_large_image\" \/>\n<meta name=\"twitter:label1\" content=\"Ber\u00e4knad l\u00e4stid\" \/>\n\t<meta name=\"twitter:data1\" content=\"2 minuter\" \/>\n<script type=\"application\/ld+json\" class=\"yoast-schema-graph\">{\"@context\":\"https:\/\/schema.org\",\"@graph\":[{\"@type\":\"WebPage\",\"@id\":\"https:\/\/www.meiren.ee\/sv\/skar-och-tillbehor\/\",\"url\":\"https:\/\/www.meiren.ee\/sv\/skar-och-tillbehor\/\",\"name\":\"Sk\u00e4r och tillbeh\u00f6r | Meiren lumesahad\",\"isPartOf\":{\"@id\":\"https:\/\/www.meiren.ee\/en\/#website\"},\"primaryImageOfPage\":{\"@id\":\"https:\/\/www.meiren.ee\/sv\/skar-och-tillbehor\/#primaryimage\"},\"image\":{\"@id\":\"https:\/\/www.meiren.ee\/sv\/skar-och-tillbehor\/#primaryimage\"},\"thumbnailUrl\":\"https:\/\/meiren.ee\/wp-content\/uploads\/2015\/01\/Hardox-kummitera-300x116.jpg\",\"datePublished\":\"2015-02-02T13:39:46+00:00\",\"dateModified\":\"2022-11-21T14:15:30+00:00\",\"description\":\"Sk\u00e4r och tillbeh\u00f6r till din sn\u00f6plog eller hyvelblad: gummisk\u00e4r med tandning, h\u00e5rdmetallsk\u00e4r, plansk\u00e4r, sk\u00e4r med dubbelradig tandning.\",\"breadcrumb\":{\"@id\":\"https:\/\/www.meiren.ee\/sv\/skar-och-tillbehor\/#breadcrumb\"},\"inLanguage\":\"sv-SE\",\"potentialAction\":[{\"@type\":\"ReadAction\",\"target\":[\"https:\/\/www.meiren.ee\/sv\/skar-och-tillbehor\/\"]}]},{\"@type\":\"ImageObject\",\"inLanguage\":\"sv-SE\",\"@id\":\"https:\/\/www.meiren.ee\/sv\/skar-och-tillbehor\/#primaryimage\",\"url\":\"https:\/\/meiren.ee\/wp-content\/uploads\/2015\/01\/Hardox-kummitera-300x116.jpg\",\"contentUrl\":\"https:\/\/meiren.ee\/wp-content\/uploads\/2015\/01\/Hardox-kummitera-300x116.jpg\"},{\"@type\":\"BreadcrumbList\",\"@id\":\"https:\/\/www.meiren.ee\/sv\/skar-och-tillbehor\/#breadcrumb\",\"itemListElement\":[{\"@type\":\"ListItem\",\"position\":1,\"name\":\"Home\",\"item\":\"https:\/\/www.meiren.ee\/en\/\"},{\"@type\":\"ListItem\",\"position\":2,\"name\":\"Sk\u00e4r och tillbeh\u00f6r\"}]},{\"@type\":\"WebSite\",\"@id\":\"https:\/\/www.meiren.ee\/en\/#website\",\"url\":\"https:\/\/www.meiren.ee\/en\/\",\"name\":\"Meiren lumesahad\",\"description\":\"Lumesahk ja lumet\u00f5rje tehnika, maantee lumesahk, lumesahk traktorile, lumesahk maasturile, harjad, lumekopp, varuosad ja hooldus, lumesaha terad, Kobit s.r.o. soolapuisturid\",\"potentialAction\":[{\"@type\":\"SearchAction\",\"target\":{\"@type\":\"EntryPoint\",\"urlTemplate\":\"https:\/\/www.meiren.ee\/en\/?s={search_term_string}\"},\"query-input\":{\"@type\":\"PropertyValueSpecification\",\"valueRequired\":true,\"valueName\":\"search_term_string\"}}],\"inLanguage\":\"sv-SE\"}]}<\/script>\n<!-- \/ Yoast SEO plugin. -->","yoast_head_json":{"title":"Sk\u00e4r och tillbeh\u00f6r | Meiren lumesahad","description":"Sk\u00e4r och tillbeh\u00f6r till din sn\u00f6plog eller hyvelblad: gummisk\u00e4r med tandning, h\u00e5rdmetallsk\u00e4r, plansk\u00e4r, sk\u00e4r med dubbelradig tandning.","robots":{"index":"index","follow":"follow","max-snippet":"max-snippet:-1","max-image-preview":"max-image-preview:large","max-video-preview":"max-video-preview:-1"},"canonical":"https:\/\/www.meiren.ee\/sv\/skar-och-tillbehor\/","og_locale":"sv_SE","og_type":"article","og_title":"Sk\u00e4r och tillbeh\u00f6r | Meiren lumesahad","og_description":"Sk\u00e4r och tillbeh\u00f6r till din sn\u00f6plog eller hyvelblad: gummisk\u00e4r med tandning, h\u00e5rdmetallsk\u00e4r, plansk\u00e4r, sk\u00e4r med dubbelradig tandning.","og_url":"https:\/\/www.meiren.ee\/sv\/skar-och-tillbehor\/","og_site_name":"Meiren lumesahad","article_publisher":"https:\/\/www.facebook.com\/Meiren.ee?ref=nf","article_modified_time":"2022-11-21T14:15:30+00:00","og_image":[{"url":"https:\/\/meiren.ee\/wp-content\/uploads\/2015\/01\/Hardox-kummitera-300x116.jpg","type":"","width":"","height":""}],"twitter_card":"summary_large_image","twitter_misc":{"Ber\u00e4knad l\u00e4stid":"2 minuter"},"schema":{"@context":"https:\/\/schema.org","@graph":[{"@type":"WebPage","@id":"https:\/\/www.meiren.ee\/sv\/skar-och-tillbehor\/","url":"https:\/\/www.meiren.ee\/sv\/skar-och-tillbehor\/","name":"Sk\u00e4r och tillbeh\u00f6r | Meiren lumesahad","isPartOf":{"@id":"https:\/\/www.meiren.ee\/en\/#website"},"primaryImageOfPage":{"@id":"https:\/\/www.meiren.ee\/sv\/skar-och-tillbehor\/#primaryimage"},"image":{"@id":"https:\/\/www.meiren.ee\/sv\/skar-och-tillbehor\/#primaryimage"},"thumbnailUrl":"https:\/\/meiren.ee\/wp-content\/uploads\/2015\/01\/Hardox-kummitera-300x116.jpg","datePublished":"2015-02-02T13:39:46+00:00","dateModified":"2022-11-21T14:15:30+00:00","description":"Sk\u00e4r och tillbeh\u00f6r till din sn\u00f6plog eller hyvelblad: gummisk\u00e4r med tandning, h\u00e5rdmetallsk\u00e4r, plansk\u00e4r, sk\u00e4r med dubbelradig tandning.","breadcrumb":{"@id":"https:\/\/www.meiren.ee\/sv\/skar-och-tillbehor\/#breadcrumb"},"inLanguage":"sv-SE","potentialAction":[{"@type":"ReadAction","target":["https:\/\/www.meiren.ee\/sv\/skar-och-tillbehor\/"]}]},{"@type":"ImageObject","inLanguage":"sv-SE","@id":"https:\/\/www.meiren.ee\/sv\/skar-och-tillbehor\/#primaryimage","url":"https:\/\/meiren.ee\/wp-content\/uploads\/2015\/01\/Hardox-kummitera-300x116.jpg","contentUrl":"https:\/\/meiren.ee\/wp-content\/uploads\/2015\/01\/Hardox-kummitera-300x116.jpg"},{"@type":"BreadcrumbList","@id":"https:\/\/www.meiren.ee\/sv\/skar-och-tillbehor\/#breadcrumb","itemListElement":[{"@type":"ListItem","position":1,"name":"Home","item":"https:\/\/www.meiren.ee\/en\/"},{"@type":"ListItem","position":2,"name":"Sk\u00e4r och tillbeh\u00f6r"}]},{"@type":"WebSite","@id":"https:\/\/www.meiren.ee\/en\/#website","url":"https:\/\/www.meiren.ee\/en\/","name":"Meiren lumesahad","description":"Lumesahk ja lumet\u00f5rje tehnika, maantee lumesahk, lumesahk traktorile, lumesahk maasturile, harjad, lumekopp, varuosad ja hooldus, lumesaha terad, Kobit s.r.o. soolapuisturid","potentialAction":[{"@type":"SearchAction","target":{"@type":"EntryPoint","urlTemplate":"https:\/\/www.meiren.ee\/en\/?s={search_term_string}"},"query-input":{"@type":"PropertyValueSpecification","valueRequired":true,"valueName":"search_term_string"}}],"inLanguage":"sv-SE"}]}},"_links":{"self":[{"href":"https:\/\/www.meiren.ee\/sv\/wp-json\/wp\/v2\/pages\/9166"}],"collection":[{"href":"https:\/\/www.meiren.ee\/sv\/wp-json\/wp\/v2\/pages"}],"about":[{"href":"https:\/\/www.meiren.ee\/sv\/wp-json\/wp\/v2\/types\/page"}],"author":[{"embeddable":true,"href":"https:\/\/www.meiren.ee\/sv\/wp-json\/wp\/v2\/users\/2"}],"replies":[{"embeddable":true,"href":"https:\/\/www.meiren.ee\/sv\/wp-json\/wp\/v2\/comments?post=9166"}],"version-history":[{"count":16,"href":"https:\/\/www.meiren.ee\/sv\/wp-json\/wp\/v2\/pages\/9166\/revisions"}],"predecessor-version":[{"id":22394,"href":"https:\/\/www.meiren.ee\/sv\/wp-json\/wp\/v2\/pages\/9166\/revisions\/22394"}],"wp:attachment":[{"href":"https:\/\/www.meiren.ee\/sv\/wp-json\/wp\/v2\/media?parent=9166"}],"curies":[{"name":"wp","href":"https:\/\/api.w.org\/{rel}","templated":true}]}}